{"id":5304,"date":"2022-12-13T19:17:50","date_gmt":"2022-12-13T19:17:50","guid":{"rendered":"https:\/\/pizzeriaalcapone.ch\/?page_id=5304"},"modified":"2023-07-04T11:51:02","modified_gmt":"2023-07-04T11:51:02","slug":"oeffnungszeiten","status":"publish","type":"page","link":"https:\/\/pizzeriaalcapone.ch\/de\/oeffnungszeiten\/","title":{"rendered":"\u00d6ffnungszeiten"},"content":{"rendered":"\t\t<div data-elementor-type=\"wp-page\" data-elementor-id=\"5304\" class=\"elementor elementor-5304\" data-elementor-post-type=\"page\">\n\t\t\t\t\t\t<section class=\"elementor-section elementor-top-section elementor-element elementor-element-13d90d17 elementor-section-height-min-height elementor-section-content-middle elementor-section-boxed elementor-section-height-default elementor-section-items-middle\" data-id=\"13d90d17\" data-element_type=\"section\" data-settings=\"{&quot;background_background&quot;:&quot;slideshow&quot;,&quot;background_slideshow_gallery&quot;:[{&quot;id&quot;:4948,&quot;url&quot;:&quot;https:\\\/\\\/pizzeriaalcapone.ch\\\/wp-content\\\/uploads\\\/2022\\\/12\\\/slider_2.jpg&quot;},{&quot;id&quot;:4949,&quot;url&quot;:&quot;https:\\\/\\\/pizzeriaalcapone.ch\\\/wp-content\\\/uploads\\\/2022\\\/12\\\/slider_3.jpg&quot;}],&quot;background_slideshow_ken_burns&quot;:&quot;yes&quot;,&quot;jet_parallax_layout_list&quot;:[],&quot;background_slideshow_loop&quot;:&quot;yes&quot;,&quot;background_slideshow_slide_duration&quot;:5000,&quot;background_slideshow_slide_transition&quot;:&quot;fade&quot;,&quot;background_slideshow_transition_duration&quot;:500,&quot;background_slideshow_ken_burns_zoom_direction&quot;:&quot;in&quot;}\">\n\t\t\t\t\t\t\t<div class=\"elementor-background-overlay\"><\/div>\n\t\t\t\t\t\t\t<div class=\"elementor-container elementor-column-gap-default\">\n\t\t\t\t\t<div class=\"elementor-column elementor-col-100 elementor-top-column elementor-element elementor-element-7e76fdda\" data-id=\"7e76fdda\" data-element_type=\"column\">\n\t\t\t<div class=\"elementor-widget-wrap elementor-element-populated\">\n\t\t\t\t\t\t<div class=\"elementor-element elementor-element-456e0db0 elementor-widget elementor-widget-heading\" data-id=\"456e0db0\" data-element_type=\"widget\" data-widget_type=\"heading.default\">\n\t\t\t\t<div class=\"elementor-widget-container\">\n\t\t\t\t\t<h2 class=\"elementor-heading-title elementor-size-default\">\u00d6ffnungszeiten<\/h2>\t\t\t\t<\/div>\n\t\t\t\t<\/div>\n\t\t\t\t<div class=\"elementor-element elementor-element-310fc08e elementor-widget elementor-widget-heading\" data-id=\"310fc08e\" data-element_type=\"widget\" data-widget_type=\"heading.default\">\n\t\t\t\t<div class=\"elementor-widget-container\">\n\t\t\t\t\t<h2 class=\"elementor-heading-title elementor-size-default\">Wir haben 7 Tage die Woche und fast jeden Tag im Jahr ge\u00f6ffnet<\/h2>\t\t\t\t<\/div>\n\t\t\t\t<\/div>\n\t\t\t\t\t<\/div>\n\t\t<\/div>\n\t\t\t\t\t<\/div>\n\t\t<\/section>\n\t\t\t\t<section class=\"elementor-section elementor-top-section elementor-element elementor-element-836c31 elementor-section-boxed elementor-section-height-default elementor-section-height-default\" data-id=\"836c31\" data-element_type=\"section\" data-settings=\"{&quot;jet_parallax_layout_list&quot;:[]}\">\n\t\t\t\t\t\t<div class=\"elementor-container elementor-column-gap-default\">\n\t\t\t\t\t<div class=\"elementor-column elementor-col-100 elementor-top-column elementor-element elementor-element-320a8925\" data-id=\"320a8925\" data-element_type=\"column\">\n\t\t\t<div class=\"elementor-widget-wrap elementor-element-populated\">\n\t\t\t\t\t\t<div class=\"elementor-element elementor-element-5846e47 elementor-widget elementor-widget-text-editor\" data-id=\"5846e47\" data-element_type=\"widget\" data-widget_type=\"text-editor.default\">\n\t\t\t\t<div class=\"elementor-widget-container\">\n\t\t\t\t\t\t\t\t\t<p>NORMALE \u00d6FFNUNGSZEITEN<\/p>\t\t\t\t\t\t\t\t<\/div>\n\t\t\t\t<\/div>\n\t\t\t\t<div class=\"elementor-element elementor-element-48da98a elementor-widget elementor-widget-text-editor\" data-id=\"48da98a\" data-element_type=\"widget\" data-widget_type=\"text-editor.default\">\n\t\t\t\t<div class=\"elementor-widget-container\">\n\t\t\t\t\t\t\t\t\t<p><span style=\"color: var( --e-global-color-text );\">T\u00e4glich<\/span><\/p><p>08.00 \u2013 0.30 Uhr<\/p>\t\t\t\t\t\t\t\t<\/div>\n\t\t\t\t<\/div>\n\t\t\t\t\t<\/div>\n\t\t<\/div>\n\t\t\t\t\t<\/div>\n\t\t<\/section>\n\t\t\t\t<\/div>\n\t\t","protected":false},"excerpt":{"rendered":"<p>Wir haben 7 Tage die Woche und fast jeden Tag im Jahr ge\u00f6ffnet NORMALE \u00d6FFNUNGSZEITEN T\u00e4glich 08.00 \u2013 0.30 Uhr<\/p>\n","protected":false},"author":1,"featured_media":0,"parent":0,"menu_order":0,"comment_status":"closed","ping_status":"closed","template":"","meta":{"footnotes":""},"class_list":["post-5304","page","type-page","status-publish","hentry"],"_links":{"self":[{"href":"https:\/\/pizzeriaalcapone.ch\/de\/wp-json\/wp\/v2\/pages\/5304","targetHints":{"allow":["GET"]}}],"collection":[{"href":"https:\/\/pizzeriaalcapone.ch\/de\/wp-json\/wp\/v2\/pages"}],"about":[{"href":"https:\/\/pizzeriaalcapone.ch\/de\/wp-json\/wp\/v2\/types\/page"}],"author":[{"embeddable":true,"href":"https:\/\/pizzeriaalcapone.ch\/de\/wp-json\/wp\/v2\/users\/1"}],"replies":[{"embeddable":true,"href":"https:\/\/pizzeriaalcapone.ch\/de\/wp-json\/wp\/v2\/comments?post=5304"}],"version-history":[{"count":67,"href":"https:\/\/pizzeriaalcapone.ch\/de\/wp-json\/wp\/v2\/pages\/5304\/revisions"}],"predecessor-version":[{"id":6227,"href":"https:\/\/pizzeriaalcapone.ch\/de\/wp-json\/wp\/v2\/pages\/5304\/revisions\/6227"}],"wp:attachment":[{"href":"https:\/\/pizzeriaalcapone.ch\/de\/wp-json\/wp\/v2\/media?parent=5304"}],"curies":[{"name":"wp","href":"https:\/\/api.w.org\/{rel}","templated":true}]}}