{"id":5065,"date":"2022-12-12T20:00:16","date_gmt":"2022-12-12T20:00:16","guid":{"rendered":"https:\/\/pizzeriaalcapone.ch\/?page_id=5065"},"modified":"2023-05-18T15:03:07","modified_gmt":"2023-05-18T15:03:07","slug":"fete-danniversaire","status":"publish","type":"page","link":"https:\/\/pizzeriaalcapone.ch\/fr\/fete-danniversaire\/","title":{"rendered":"F\u00eate d'anniversaire"},"content":{"rendered":"<div data-elementor-type=\"wp-page\" data-elementor-id=\"5065\" class=\"elementor elementor-5065\" data-elementor-post-type=\"page\">\n\t\t\t\t\t\t<section class=\"elementor-section elementor-top-section elementor-element elementor-element-2a3787ca elementor-section-height-min-height elementor-section-content-middle elementor-section-boxed elementor-section-height-default elementor-section-items-middle\" data-id=\"2a3787ca\" data-element_type=\"section\" data-settings=\"{&quot;background_background&quot;:&quot;slideshow&quot;,&quot;background_slideshow_gallery&quot;:[{&quot;id&quot;:4948,&quot;url&quot;:&quot;https:\\\/\\\/pizzeriaalcapone.ch\\\/wp-content\\\/uploads\\\/2022\\\/12\\\/slider_2.jpg&quot;},{&quot;id&quot;:4949,&quot;url&quot;:&quot;https:\\\/\\\/pizzeriaalcapone.ch\\\/wp-content\\\/uploads\\\/2022\\\/12\\\/slider_3.jpg&quot;}],&quot;background_slideshow_ken_burns&quot;:&quot;yes&quot;,&quot;jet_parallax_layout_list&quot;:[],&quot;background_slideshow_loop&quot;:&quot;yes&quot;,&quot;background_slideshow_slide_duration&quot;:5000,&quot;background_slideshow_slide_transition&quot;:&quot;fade&quot;,&quot;background_slideshow_transition_duration&quot;:500,&quot;background_slideshow_ken_burns_zoom_direction&quot;:&quot;in&quot;}\">\n\t\t\t\t\t\t\t<div class=\"elementor-background-overlay\"><\/div>\n\t\t\t\t\t\t\t<div class=\"elementor-container elementor-column-gap-default\">\n\t\t\t\t\t<div class=\"elementor-column elementor-col-100 elementor-top-column elementor-element elementor-element-29dc775d\" data-id=\"29dc775d\" data-element_type=\"column\">\n\t\t\t<div class=\"elementor-widget-wrap elementor-element-populated\">\n\t\t\t\t\t\t<div class=\"elementor-element elementor-element-50df8fc1 elementor-widget elementor-widget-heading\" data-id=\"50df8fc1\" data-element_type=\"widget\" data-widget_type=\"heading.default\">\n\t\t\t\t<div class=\"elementor-widget-container\">\n\t\t\t\t\t<h2 class=\"elementor-heading-title elementor-size-default\">F\u00eate d'anniversaire<\/h2>\t\t\t\t<\/div>\n\t\t\t\t<\/div>\n\t\t\t\t<div class=\"elementor-element elementor-element-16eaad58 elementor-widget elementor-widget-heading\" data-id=\"16eaad58\" data-element_type=\"widget\" data-widget_type=\"heading.default\">\n\t\t\t\t<div class=\"elementor-widget-container\">\n\t\t\t\t\t<h2 class=\"elementor-heading-title elementor-size-default\">Venez f\u00eater votre anniversaire chez nous et un repas gratuit vous attend sur r\u00e9servation, y compris un verre d'anniversaire gratuit qui vous sera offert en musique. De plus, ce moment sera immortalis\u00e9 par une photo et pr\u00e9sent\u00e9 dans un coffret que vous pourrez emporter chez vous pour un souvenir \u00e9ternel ! Vous pouvez effectuer ici votre r\u00e9servation d'anniversaire. Veuillez s\u00e9lectionner le motif appropri\u00e9 dans le formulaire sous \"Occasion\".\n <\/h2>\t\t\t\t<\/div>\n\t\t\t\t<\/div>\n\t\t\t\t\t<\/div>\n\t\t<\/div>\n\t\t\t\t\t<\/div>\n\t\t<\/section>\n\t\t\t\t<section class=\"elementor-section elementor-top-section elementor-element elementor-element-502f51a3 elementor-section-boxed elementor-section-height-default elementor-section-height-default\" data-id=\"502f51a3\" data-element_type=\"section\" data-settings=\"{&quot;jet_parallax_layout_list&quot;:[]}\">\n\t\t\t\t\t\t<div class=\"elementor-container elementor-column-gap-default\">\n\t\t\t\t\t<div class=\"elementor-column elementor-col-100 elementor-top-column elementor-element elementor-element-150e5af6\" data-id=\"150e5af6\" data-element_type=\"column\">\n\t\t\t<div class=\"elementor-widget-wrap elementor-element-populated\">\n\t\t\t\t\t\t<div class=\"elementor-element elementor-element-60b9d1bd elementor-widget elementor-widget-jet-banner\" data-id=\"60b9d1bd\" data-element_type=\"widget\" data-widget_type=\"jet-banner.default\">\n\t\t\t\t<div class=\"elementor-widget-container\">\n\t\t\t\t\t<div class=\"elementor-jet-banner jet-elements\"><figure class=\"jet-banner jet-effect-layla\"><a href=\"\/kontakt\" class=\"jet-banner__link\"><div class=\"jet-banner__overlay\"><\/div><img decoding=\"async\" src=\"https:\/\/pizzeriaalcapone.ch\/wp-content\/uploads\/2022\/12\/geburstag.webp\" alt=\"anniversaire\" width=\"100%\" height=\"100%\" class=\"jet-banner__img\"><figcaption class=\"jet-banner__content\"><div class=\"jet-banner__content-wrap\"><h5 class=\"jet-banner__title\">Action<\/h5><div class=\"jet-banner__text\"><b>R\u00e9servez en ligne d\u00e8s maintenant<\/b><\/div><\/div><\/figcaption><\/a><\/figure>\n<\/div>\t\t\t\t<\/div>\n\t\t\t\t<\/div>\n\t\t\t\t\t<\/div>\n\t\t<\/div>\n\t\t\t\t\t<\/div>\n\t\t<\/section>\n\t\t\t\t<\/div>","protected":false},"excerpt":{"rendered":"<p>Venez f\u00eater votre anniversaire chez nous et un repas gratuit vous attend sur r\u00e9servation, y compris un verre d'anniversaire gratuit qui vous sera offert en musique. De plus, ce moment sera immortalis\u00e9 par une photo et pr\u00e9sent\u00e9 dans un coffret que vous pourrez emporter chez vous pour un souvenir \u00e9ternel ! Vous pouvez faire votre r\u00e9servation d'anniversaire ici, [...].<\/p>","protected":false},"author":1,"featured_media":0,"parent":0,"menu_order":0,"comment_status":"closed","ping_status":"closed","template":"","meta":{"footnotes":""},"class_list":["post-5065","page","type-page","status-publish","hentry"],"_links":{"self":[{"href":"https:\/\/pizzeriaalcapone.ch\/fr\/wp-json\/wp\/v2\/pages\/5065","targetHints":{"allow":["GET"]}}],"collection":[{"href":"https:\/\/pizzeriaalcapone.ch\/fr\/wp-json\/wp\/v2\/pages"}],"about":[{"href":"https:\/\/pizzeriaalcapone.ch\/fr\/wp-json\/wp\/v2\/types\/page"}],"author":[{"embeddable":true,"href":"https:\/\/pizzeriaalcapone.ch\/fr\/wp-json\/wp\/v2\/users\/1"}],"replies":[{"embeddable":true,"href":"https:\/\/pizzeriaalcapone.ch\/fr\/wp-json\/wp\/v2\/comments?post=5065"}],"version-history":[{"count":22,"href":"https:\/\/pizzeriaalcapone.ch\/fr\/wp-json\/wp\/v2\/pages\/5065\/revisions"}],"predecessor-version":[{"id":5834,"href":"https:\/\/pizzeriaalcapone.ch\/fr\/wp-json\/wp\/v2\/pages\/5065\/revisions\/5834"}],"wp:attachment":[{"href":"https:\/\/pizzeriaalcapone.ch\/fr\/wp-json\/wp\/v2\/media?parent=5065"}],"curies":[{"name":"wp","href":"https:\/\/api.w.org\/{rel}","templated":true}]}}