{"id":5288,"date":"2022-12-13T19:01:48","date_gmt":"2022-12-13T19:01:48","guid":{"rendered":"https:\/\/pizzeriaalcapone.ch\/?page_id=5288"},"modified":"2023-05-18T15:05:30","modified_gmt":"2023-05-18T15:05:30","slug":"anniversaire-de-mariage","status":"publish","type":"page","link":"https:\/\/pizzeriaalcapone.ch\/fr\/anniversaire-de-mariage\/","title":{"rendered":"ANNIVERSAIRE DE MARIAGE"},"content":{"rendered":"<div data-elementor-type=\"wp-page\" data-elementor-id=\"5288\" class=\"elementor elementor-5288\" data-elementor-post-type=\"page\">\n\t\t\t\t\t\t<section class=\"elementor-section elementor-top-section elementor-element elementor-element-4ca095d5 elementor-section-height-min-height elementor-section-content-middle elementor-section-boxed elementor-section-height-default elementor-section-items-middle\" data-id=\"4ca095d5\" data-element_type=\"section\" data-settings=\"{&quot;background_background&quot;:&quot;slideshow&quot;,&quot;background_slideshow_gallery&quot;:[{&quot;id&quot;:4948,&quot;url&quot;:&quot;https:\\\/\\\/pizzeriaalcapone.ch\\\/wp-content\\\/uploads\\\/2022\\\/12\\\/slider_2.jpg&quot;},{&quot;id&quot;:4949,&quot;url&quot;:&quot;https:\\\/\\\/pizzeriaalcapone.ch\\\/wp-content\\\/uploads\\\/2022\\\/12\\\/slider_3.jpg&quot;}],&quot;background_slideshow_ken_burns&quot;:&quot;yes&quot;,&quot;jet_parallax_layout_list&quot;:[],&quot;background_slideshow_loop&quot;:&quot;yes&quot;,&quot;background_slideshow_slide_duration&quot;:5000,&quot;background_slideshow_slide_transition&quot;:&quot;fade&quot;,&quot;background_slideshow_transition_duration&quot;:500,&quot;background_slideshow_ken_burns_zoom_direction&quot;:&quot;in&quot;}\">\n\t\t\t\t\t\t\t<div class=\"elementor-background-overlay\"><\/div>\n\t\t\t\t\t\t\t<div class=\"elementor-container elementor-column-gap-default\">\n\t\t\t\t\t<div class=\"elementor-column elementor-col-100 elementor-top-column elementor-element elementor-element-57d822de\" data-id=\"57d822de\" data-element_type=\"column\">\n\t\t\t<div class=\"elementor-widget-wrap elementor-element-populated\">\n\t\t\t\t\t\t<div class=\"elementor-element elementor-element-fc6c4da elementor-widget elementor-widget-heading\" data-id=\"fc6c4da\" data-element_type=\"widget\" data-widget_type=\"heading.default\">\n\t\t\t\t<div class=\"elementor-widget-container\">\n\t\t\t\t\t<h2 class=\"elementor-heading-title elementor-size-default\">ANNIVERSAIRE DE MARIAGE<\/h2>\t\t\t\t<\/div>\n\t\t\t\t<\/div>\n\t\t\t\t<div class=\"elementor-element elementor-element-3b762b0f elementor-widget elementor-widget-heading\" data-id=\"3b762b0f\" data-element_type=\"widget\" data-widget_type=\"heading.default\">\n\t\t\t\t<div class=\"elementor-widget-container\">\n\t\t\t\t\t<h2 class=\"elementor-heading-title elementor-size-default\">F\u00eatez le plus beau jour de l'ann\u00e9e \u00e0 deux chez nous et un repas gratuit pour une personne du couple vous attend sur r\u00e9servation !<\/br>\n<\/br>\n\n\nNous nous r\u00e9jouissons de votre r\u00e9servation (veuillez indiquer le jour de votre mariage).<\/br>\n<\/br><\/h2>\t\t\t\t<\/div>\n\t\t\t\t<\/div>\n\t\t\t\t\t<\/div>\n\t\t<\/div>\n\t\t\t\t\t<\/div>\n\t\t<\/section>\n\t\t\t\t<section class=\"elementor-section elementor-top-section elementor-element elementor-element-38aa9a7e elementor-section-boxed elementor-section-height-default elementor-section-height-default\" data-id=\"38aa9a7e\" data-element_type=\"section\" data-settings=\"{&quot;jet_parallax_layout_list&quot;:[]}\">\n\t\t\t\t\t\t<div class=\"elementor-container elementor-column-gap-default\">\n\t\t\t\t\t<div class=\"elementor-column elementor-col-100 elementor-top-column elementor-element elementor-element-731287c9\" data-id=\"731287c9\" data-element_type=\"column\">\n\t\t\t<div class=\"elementor-widget-wrap elementor-element-populated\">\n\t\t\t\t\t\t<div class=\"elementor-element elementor-element-7deac1ef elementor-widget elementor-widget-jet-banner\" data-id=\"7deac1ef\" data-element_type=\"widget\" data-widget_type=\"jet-banner.default\">\n\t\t\t\t<div class=\"elementor-widget-container\">\n\t\t\t\t\t<div class=\"elementor-jet-banner jet-elements\"><figure class=\"jet-banner jet-effect-layla\"><a href=\"\/kontakt\" class=\"jet-banner__link\"><div class=\"jet-banner__overlay\"><\/div><img decoding=\"async\" src=\"https:\/\/pizzeriaalcapone.ch\/wp-content\/uploads\/2022\/12\/hochzeit.webp\" alt=\"mariage\" width=\"100%\" height=\"100%\" class=\"jet-banner__img\"><figcaption class=\"jet-banner__content\"><div class=\"jet-banner__content-wrap\"><h5 class=\"jet-banner__title\">Action<\/h5><div class=\"jet-banner__text\"><b>R\u00e9servez en ligne d\u00e8s maintenant<\/b><\/div><\/div><\/figcaption><\/a><\/figure>\n<\/div>\t\t\t\t<\/div>\n\t\t\t\t<\/div>\n\t\t\t\t\t<\/div>\n\t\t<\/div>\n\t\t\t\t\t<\/div>\n\t\t<\/section>\n\t\t\t\t<\/div>","protected":false},"excerpt":{"rendered":"<p>F\u00eatez le plus beau jour de l'ann\u00e9e \u00e0 deux chez nous et un repas gratuit pour une personne du couple vous attend sur r\u00e9servation ! Nous nous r\u00e9jouissons de votre r\u00e9servation (veuillez indiquer le jour de votre mariage) Action R\u00e9server en ligne maintenant<\/p>","protected":false},"author":1,"featured_media":0,"parent":0,"menu_order":0,"comment_status":"closed","ping_status":"closed","template":"","meta":{"footnotes":""},"class_list":["post-5288","page","type-page","status-publish","hentry"],"_links":{"self":[{"href":"https:\/\/pizzeriaalcapone.ch\/fr\/wp-json\/wp\/v2\/pages\/5288","targetHints":{"allow":["GET"]}}],"collection":[{"href":"https:\/\/pizzeriaalcapone.ch\/fr\/wp-json\/wp\/v2\/pages"}],"about":[{"href":"https:\/\/pizzeriaalcapone.ch\/fr\/wp-json\/wp\/v2\/types\/page"}],"author":[{"embeddable":true,"href":"https:\/\/pizzeriaalcapone.ch\/fr\/wp-json\/wp\/v2\/users\/1"}],"replies":[{"embeddable":true,"href":"https:\/\/pizzeriaalcapone.ch\/fr\/wp-json\/wp\/v2\/comments?post=5288"}],"version-history":[{"count":16,"href":"https:\/\/pizzeriaalcapone.ch\/fr\/wp-json\/wp\/v2\/pages\/5288\/revisions"}],"predecessor-version":[{"id":5846,"href":"https:\/\/pizzeriaalcapone.ch\/fr\/wp-json\/wp\/v2\/pages\/5288\/revisions\/5846"}],"wp:attachment":[{"href":"https:\/\/pizzeriaalcapone.ch\/fr\/wp-json\/wp\/v2\/media?parent=5288"}],"curies":[{"name":"wp","href":"https:\/\/api.w.org\/{rel}","templated":true}]}}